{"id":6726,"date":"2022-08-09T02:48:36","date_gmt":"2022-08-09T00:48:36","guid":{"rendered":"https:\/\/excpt.ddev.site\/tour\/cairo-pyramids-overnight-tour-from-alexandria-port\/"},"modified":"2024-05-21T21:31:15","modified_gmt":"2024-05-21T18:31:15","slug":"cairo-pyramids-overnight-tour-from-alexandria-port","status":"publish","type":"product","link":"https:\/\/exceptionaltoursegypt.com\/da\/tour\/cairo-pyramids-overnight-tour-from-alexandria-port\/","title":{"rendered":"Fra havnen i Alexandria: Cairo og de store pyramider i Giza- todages tur"},"content":{"rendered":"<p>&nbsp;<\/p>\n<p><strong>Overblik <\/strong><\/p>\n<p>Oplev Egyptens vidundere som aldrig f\u00f8r p\u00e5 vores todages tur, der er designet til at tage dig med p\u00e5 en rejse gennem landets moderne og antikke tid. Fra det \u00f8jeblik vi henter dig i havnen, giver vi dig alle de oplysninger, du skal bruge for at f\u00e5 mest muligt ud af dit ophold i Cairo.<\/p>\n<p>Den f\u00f8rste dag starter vi med at bes\u00f8ge <strong>Memphis<\/strong>, Egyptens gamle hovedstad, hvor du kan beundre prominente personers storsl\u00e5ede huse, kongelige paladser og store templer dedikeret til guderne. Derefter tager vi til Sakkara, hvor de gamle egyptere begravede deres d\u00f8de. Her kan du udforske imponerende pyramider, herunder <strong>trinpyramiden,<\/strong> og nogle af de mest utrolige grave for de store m\u00e6nd i det gamle rige. Vi spiser frokost i omr\u00e5det, f\u00f8r vi k\u00f8rer til Giza-plateauet, hvor du vil blive bl\u00e6st bagover af den store pyramide, f\u00f8r vi udforsker andre kongelige pyramider i omr\u00e5det.<\/p>\n<p>&nbsp;<\/p>\n<p>P\u00e5 andendagen bes\u00f8ger du det<strong> egyptiske nationalmuseum<\/strong> i centrum, hvor du kan se de vigtigste samlinger fra pyramidebyggernes tid, Det Gamle Rige, Det Mellemste Rige og mumier af forskellige mennesker, der engang levede i det gamle Egypten. Bagefter tager vi til det<strong> koptiske Cairo<\/strong> for at bes\u00f8ge den h\u00e6ngende kirke, et symbol p\u00e5 Egyptens religi\u00f8se arv bygget p\u00e5 et romersk t\u00e5rn. Du bes\u00f8ger ogs\u00e5 <strong>Ben Ezra-synagogen<\/strong>, den f\u00f8rste mosk\u00e9, der nogensinde er bygget i Afrika, og f\u00e5r en enest\u00e5ende oplevelse af Egyptens religi\u00f8se mangfoldighed<\/p>\n<p>&nbsp;<\/p>\n<p><strong>Turens h\u00f8jdepunkter<\/strong><br \/>\nDe store pyramider i Giza og den store sfinx<br \/>\nSakkara, trinpyramide-komplekset<br \/>\nMemphis<br \/>\nEgyptisk museum<br \/>\nKoptisk og islamisk Cairo<\/p>\n","protected":false},"excerpt":{"rendered":"<p><span style=\"color: #003366;\">Enjoy the taste of the past in all its glory and visit one of the most important archeological sites in the world. A two-day tour is designed for those who would like to travel back in time and explore the Great Pyramids of the Old Kingdom. We will also get<\/span><span style=\"color: #003366;\"> a better understanding of Egypt&#8217;s religious inheritance and society&#8217;s beliefs by visiting Coptic and Islamic Cairo.<\/span><\/p>\n","protected":false},"featured_media":6559,"comment_status":"open","ping_status":"closed","template":"","meta":[],"product_brand":[],"product_cat":[80,87],"product_tag":[],"class_list":{"0":"post-6726","1":"product","2":"type-product","3":"status-publish","4":"has-post-thumbnail","6":"product_cat-egypttourpackage-da","7":"product_cat-udflugter-fra-havnen","9":"first","10":"instock","11":"taxable","12":"shipping-taxable","13":"purchasable","14":"product-type-ovabrw_car_rental"},"_links":{"self":[{"href":"https:\/\/exceptionaltoursegypt.com\/da\/wp-json\/wp\/v2\/product\/6726","targetHints":{"allow":["GET"]}}],"collection":[{"href":"https:\/\/exceptionaltoursegypt.com\/da\/wp-json\/wp\/v2\/product"}],"about":[{"href":"https:\/\/exceptionaltoursegypt.com\/da\/wp-json\/wp\/v2\/types\/product"}],"replies":[{"embeddable":true,"href":"https:\/\/exceptionaltoursegypt.com\/da\/wp-json\/wp\/v2\/comments?post=6726"}],"version-history":[{"count":0,"href":"https:\/\/exceptionaltoursegypt.com\/da\/wp-json\/wp\/v2\/product\/6726\/revisions"}],"wp:featuredmedia":[{"embeddable":true,"href":"https:\/\/exceptionaltoursegypt.com\/da\/wp-json\/wp\/v2\/media\/6559"}],"wp:attachment":[{"href":"https:\/\/exceptionaltoursegypt.com\/da\/wp-json\/wp\/v2\/media?parent=6726"}],"wp:term":[{"taxonomy":"product_brand","embeddable":true,"href":"https:\/\/exceptionaltoursegypt.com\/da\/wp-json\/wp\/v2\/product_brand?post=6726"},{"taxonomy":"product_cat","embeddable":true,"href":"https:\/\/exceptionaltoursegypt.com\/da\/wp-json\/wp\/v2\/product_cat?post=6726"},{"taxonomy":"product_tag","embeddable":true,"href":"https:\/\/exceptionaltoursegypt.com\/da\/wp-json\/wp\/v2\/product_tag?post=6726"}],"curies":[{"name":"wp","href":"https:\/\/api.w.org\/{rel}","templated":true}]}}