{"id":6729,"date":"2022-08-04T08:13:51","date_gmt":"2022-08-04T06:13:51","guid":{"rendered":"https:\/\/excpt.ddev.site\/tour\/tour-guided-cairo-coptic-cslamic-st-simon\/"},"modified":"2024-05-20T20:45:30","modified_gmt":"2024-05-20T17:45:30","slug":"tour-guided-cairo-coptic-cslamic-st-simon","status":"publish","type":"product","link":"https:\/\/exceptionaltoursegypt.com\/da\/tour\/tour-guided-cairo-coptic-cslamic-st-simon\/","title":{"rendered":"Koptisk Cairo, Sultan Hassan Moskee Og Khan El Khalili Bazar-Dagstur"},"content":{"rendered":"<p>&nbsp;<\/p>\n<p>Fordyb dig i Cairos rige historie og kultur, mens din personlige guide f\u00f8rer dig gennem de travle gader og gamle vartegn i denne livlige by. Bes\u00f8g det historiske gamle koptiske Cairo, som er hjemsted for nogle af de \u00e6ldste kirker i Egypten, og beundr den fantastiske arkitektur i Sankt Simon Tanner-kirken.<\/p>\n<p>Tag derefter til den imponerende Sultan Hassan-mosk\u00e9, et mesterv\u00e6rk i mamluk-arkitektur, som i \u00e5rhundreder har st\u00e5et som et symbol p\u00e5 islamisk kunst og kultur. Udforsk de indviklede udsk\u00e6ringer og t\u00e5rnh\u00f8je minareter i denne ikoniske mosk\u00e9, og l\u00e6r om dens fascinerende historie af din kyndige guide.<\/p>\n<p>Bagefter kan du vandre gennem de travle basarer i Khan El Khalili, hvor du kan k\u00f8be traditionelt kunsth\u00e5ndv\u00e6rk, smage l\u00e6kker gademad og indsnuse den livlige atmosf\u00e6re p\u00e5 denne historiske markedsplads. Uanset om du er historieinteresseret, kulturentusiast eller bare en nysgerrig rejsende, vil denne guidede tur til Cairos mest ber\u00f8mte attraktioner helt sikkert give dig uforglemmelige minder om denne gamle by.<\/p>\n<p>Translated with DeepL.com (free version)<\/p>\n","protected":false},"excerpt":{"rendered":"<p>&nbsp; Fordyb dig i Cairos rige historie og kultur, mens din personlige guide f\u00f8rer dig gennem de travle gader og gamle vartegn i denne livlige by. Bes\u00f8g det historiske gamle koptiske Cairo, som er hjemsted for nogle af de \u00e6ldste kirker i Egypten, og beundr den fantastiske arkitektur i Sankt Simon Tanner-kirken. Tag derefter til [&hellip;]<\/p>\n","protected":false},"featured_media":6261,"comment_status":"open","ping_status":"closed","template":"","meta":[],"product_brand":[],"product_cat":[76,80],"product_tag":[],"class_list":{"0":"post-6729","1":"product","2":"type-product","3":"status-publish","4":"has-post-thumbnail","6":"product_cat-dagsture","7":"product_cat-egypttourpackage-da","9":"first","10":"instock","11":"sale","12":"taxable","13":"shipping-taxable","14":"purchasable","15":"product-type-ovabrw_car_rental"},"_links":{"self":[{"href":"https:\/\/exceptionaltoursegypt.com\/da\/wp-json\/wp\/v2\/product\/6729","targetHints":{"allow":["GET"]}}],"collection":[{"href":"https:\/\/exceptionaltoursegypt.com\/da\/wp-json\/wp\/v2\/product"}],"about":[{"href":"https:\/\/exceptionaltoursegypt.com\/da\/wp-json\/wp\/v2\/types\/product"}],"replies":[{"embeddable":true,"href":"https:\/\/exceptionaltoursegypt.com\/da\/wp-json\/wp\/v2\/comments?post=6729"}],"version-history":[{"count":0,"href":"https:\/\/exceptionaltoursegypt.com\/da\/wp-json\/wp\/v2\/product\/6729\/revisions"}],"wp:featuredmedia":[{"embeddable":true,"href":"https:\/\/exceptionaltoursegypt.com\/da\/wp-json\/wp\/v2\/media\/6261"}],"wp:attachment":[{"href":"https:\/\/exceptionaltoursegypt.com\/da\/wp-json\/wp\/v2\/media?parent=6729"}],"wp:term":[{"taxonomy":"product_brand","embeddable":true,"href":"https:\/\/exceptionaltoursegypt.com\/da\/wp-json\/wp\/v2\/product_brand?post=6729"},{"taxonomy":"product_cat","embeddable":true,"href":"https:\/\/exceptionaltoursegypt.com\/da\/wp-json\/wp\/v2\/product_cat?post=6729"},{"taxonomy":"product_tag","embeddable":true,"href":"https:\/\/exceptionaltoursegypt.com\/da\/wp-json\/wp\/v2\/product_tag?post=6729"}],"curies":[{"name":"wp","href":"https:\/\/api.w.org\/{rel}","templated":true}]}}