{"id":6730,"date":"2022-08-04T07:03:04","date_gmt":"2022-08-04T05:03:04","guid":{"rendered":"https:\/\/excpt.ddev.site\/tour\/national-museum-of-civilization-and-pyramids-of-giza-one-day-tour\/"},"modified":"2024-05-10T02:11:32","modified_gmt":"2024-05-09T23:11:32","slug":"national-museum-of-civilization-and-pyramids-of-giza-one-day-tour","status":"publish","type":"product","link":"https:\/\/exceptionaltoursegypt.com\/da\/tour\/national-museum-of-civilization-and-pyramids-of-giza-one-day-tour\/","title":{"rendered":"Det \u00c6gyptiske Museum Og  Pyramiderne I Giza- Dagstur"},"content":{"rendered":"<p><strong>Oversigt<\/strong><\/p>\n<p>Under din enest\u00e5ende rejse i Egypten vil du tage p\u00e5 en bem\u00e6rkelsesv\u00e6rdig tur ledsaget af en personlig guide og rejse i den st\u00f8rste komfort i et k\u00f8ret\u00f8j med aircondition. Denne ekstraordin\u00e6re ekspedition tager dig til de mest storsl\u00e5ede attraktioner i Kairo og Giza. Forbered dig p\u00e5 at udforske den \u00e6refrygtindgydende store pyramide af kong Khufu, beliggende p\u00e5 det ber\u00f8mte Giza-plateau. Derudover vil du have mulighed for at bes\u00f8ge den ber\u00f8mte Meres Ankh III-grav, beundre den g\u00e5defulde sfinx og dykke ned i de f\u00e6ngslende udstillinger p\u00e5 det egyptiske museum, der ligger i centrum af Kairo.<\/p>\n<p><strong>\u00a0H\u00f8jdepunkter<\/strong><\/p>\n<ul>\n<li>\u00a0Pyramiderne i Giza<\/li>\n<li>Den Store pyramide af kong Khufu<\/li>\n<li>Dronning Meres Ankh III&#8217;s grav<\/li>\n<li>Pyramide af Dronning Henut sen<\/li>\n<li>Pyramide af Dronning Hetep Heres I<\/li>\n<li>\u00a0Sfinxen<\/li>\n<li>Det Egyptisk Museum<\/li>\n<\/ul>\n","protected":false},"excerpt":{"rendered":"<ul>\n<li><span style=\"color: #003366;\">A wonderful day including\u00a0 one of the most important archeological sacred sites on earth, exploring great pyramids of old kingdom kings, pyramids of queens and amazing visit to one of the greatest collections from the ancient world housed in the national museum of eg<\/span>ypt.<\/li>\n<\/ul>\n","protected":false},"featured_media":6513,"comment_status":"open","ping_status":"closed","template":"","meta":[],"product_brand":[],"product_cat":[76],"product_tag":[],"class_list":{"0":"post-6730","1":"product","2":"type-product","3":"status-publish","4":"has-post-thumbnail","6":"product_cat-dagsture","8":"first","9":"instock","10":"sale","11":"taxable","12":"shipping-taxable","13":"purchasable","14":"product-type-ovabrw_car_rental"},"_links":{"self":[{"href":"https:\/\/exceptionaltoursegypt.com\/da\/wp-json\/wp\/v2\/product\/6730","targetHints":{"allow":["GET"]}}],"collection":[{"href":"https:\/\/exceptionaltoursegypt.com\/da\/wp-json\/wp\/v2\/product"}],"about":[{"href":"https:\/\/exceptionaltoursegypt.com\/da\/wp-json\/wp\/v2\/types\/product"}],"replies":[{"embeddable":true,"href":"https:\/\/exceptionaltoursegypt.com\/da\/wp-json\/wp\/v2\/comments?post=6730"}],"version-history":[{"count":0,"href":"https:\/\/exceptionaltoursegypt.com\/da\/wp-json\/wp\/v2\/product\/6730\/revisions"}],"wp:featuredmedia":[{"embeddable":true,"href":"https:\/\/exceptionaltoursegypt.com\/da\/wp-json\/wp\/v2\/media\/6513"}],"wp:attachment":[{"href":"https:\/\/exceptionaltoursegypt.com\/da\/wp-json\/wp\/v2\/media?parent=6730"}],"wp:term":[{"taxonomy":"product_brand","embeddable":true,"href":"https:\/\/exceptionaltoursegypt.com\/da\/wp-json\/wp\/v2\/product_brand?post=6730"},{"taxonomy":"product_cat","embeddable":true,"href":"https:\/\/exceptionaltoursegypt.com\/da\/wp-json\/wp\/v2\/product_cat?post=6730"},{"taxonomy":"product_tag","embeddable":true,"href":"https:\/\/exceptionaltoursegypt.com\/da\/wp-json\/wp\/v2\/product_tag?post=6730"}],"curies":[{"name":"wp","href":"https:\/\/api.w.org\/{rel}","templated":true}]}}