{"id":6732,"date":"2022-07-22T04:54:49","date_gmt":"2022-07-22T02:54:49","guid":{"rendered":"https:\/\/excpt.ddev.site\/tour\/desert-national-park-4-days-3-nights\/"},"modified":"2024-05-29T01:10:23","modified_gmt":"2024-05-28T22:10:23","slug":"desert-national-park-4-days-3-nights","status":"publish","type":"product","link":"https:\/\/exceptionaltoursegypt.com\/da\/tour\/desert-national-park-4-days-3-nights\/","title":{"rendered":"\u00c6gypten P\u00e5  5 Dage med en dansktalende egyptolog"},"content":{"rendered":"<p>&nbsp;<\/p>\n<p>En 5 dages rundrejse i Egypten er omhyggeligt udformet for at sikre, at hvert \u00f8jeblik er uforglemmeligt. Dyk ned i Cairo og de ikoniske pyramider i Giza, f\u00f8r du rejser til Luxor i syd for at afd\u00e6kke de fascinerende ark\u00e6ologiske vidundere i Kongernes og Dronningernes Dal.<\/p>\n<p>Udforsk de travle markeder og den livlige kultur i Cairo, hvor du kan vandre gennem de historiske gader i det islamiske Cairo, bes\u00f8ge det verdenskendte egyptiske museum og beundre de t\u00e5rnh\u00f8je minareter p\u00e5 citadellet.<\/p>\n<p>I Luxor kan du fordybe dig i Egyptens gamle historie, n\u00e5r du vandrer gennem det vidtstrakte Karnak-tempelkompleks, beundrer de kolossale statuer af Memnon-kolosserne og sejler langs den majest\u00e6tiske Nil for at bes\u00f8ge de fantastiske templer i Luxor og Karnak.<\/p>\n<p>Opdag faraonernes hemmeligheder, n\u00e5r du udforsker Tutankhamons, Ramses II&#8217;s og andre gamle herskeres grave i Kongernes Dal, og beundr de indviklede hieroglyffer og fantastiske kunstv\u00e6rker, der pryder v\u00e6ggene p\u00e5 disse gamle gravsteder.<\/p>\n<p>Med ekspertguider i spidsen f\u00e5r du en dybere forst\u00e5else af Egyptens rige historie og kultur, n\u00e5r du udforsker disse ikoniske steder og skaber minder, der varer hele livet. G\u00e5 ikke glip af denne mulighed for at opleve Egyptens vidundere p\u00e5 denne uforglemmelige 5-dages tur.<\/p>\n<ul>\n<li style=\"list-style-type: none;\">\n<ul>\n<li><strong>Turens h\u00f8jdepunkter<\/strong>\n<p><strong>Sev\u00e6rdigheder i Cairo og Giza<\/strong><\/p>\n<p>&nbsp;<\/li>\n<li>Pyramiderne p\u00e5 Giza-plateauet.<\/li>\n<li>Den store sfinx i Giza.<\/li>\n<li>Daltemplet i det gamle kongerige &#8211; Kong Khafra.<\/li>\n<li>Det store egyptiske museum i Giza &#8211; Det egyptiske museum i centrum.<\/li>\n<\/ul>\n<\/li>\n<\/ul>\n<p><strong>Sev\u00e6rdigheder i \u00d8vre Egypten: Luxor &amp; Aswan<\/strong><\/p>\n<ul>\n<li>De store Karnak-templer, Ibet Sut og tre kongegrave i Kongernes Dal.<\/li>\n<li>Dronning Hatshepsuts Jesr Jeseru-tempel.<\/li>\n<li>Dronningernes dal<\/li>\n<li>Habu-templet<\/li>\n<\/ul>\n","protected":false},"excerpt":{"rendered":"<p>&nbsp; En 5 dages rundrejse i Egypten er omhyggeligt udformet for at sikre, at hvert \u00f8jeblik er uforglemmeligt. Dyk ned i Cairo og de ikoniske pyramider i Giza, f\u00f8r du rejser til Luxor i syd for at afd\u00e6kke de fascinerende ark\u00e6ologiske vidundere i Kongernes og Dronningernes Dal. Udforsk de travle markeder og den livlige kultur [&hellip;]<\/p>\n","protected":false},"featured_media":6450,"comment_status":"open","ping_status":"closed","template":"","meta":[],"product_brand":[],"product_cat":[80,86],"product_tag":[],"class_list":{"0":"post-6732","1":"product","2":"type-product","3":"status-publish","4":"has-post-thumbnail","6":"product_cat-egypttourpackage-da","7":"product_cat-luksus-udflugtspakker","9":"first","10":"instock","11":"sale","12":"taxable","13":"shipping-taxable","14":"purchasable","15":"product-type-ovabrw_car_rental"},"_links":{"self":[{"href":"https:\/\/exceptionaltoursegypt.com\/da\/wp-json\/wp\/v2\/product\/6732","targetHints":{"allow":["GET"]}}],"collection":[{"href":"https:\/\/exceptionaltoursegypt.com\/da\/wp-json\/wp\/v2\/product"}],"about":[{"href":"https:\/\/exceptionaltoursegypt.com\/da\/wp-json\/wp\/v2\/types\/product"}],"replies":[{"embeddable":true,"href":"https:\/\/exceptionaltoursegypt.com\/da\/wp-json\/wp\/v2\/comments?post=6732"}],"version-history":[{"count":0,"href":"https:\/\/exceptionaltoursegypt.com\/da\/wp-json\/wp\/v2\/product\/6732\/revisions"}],"wp:featuredmedia":[{"embeddable":true,"href":"https:\/\/exceptionaltoursegypt.com\/da\/wp-json\/wp\/v2\/media\/6450"}],"wp:attachment":[{"href":"https:\/\/exceptionaltoursegypt.com\/da\/wp-json\/wp\/v2\/media?parent=6732"}],"wp:term":[{"taxonomy":"product_brand","embeddable":true,"href":"https:\/\/exceptionaltoursegypt.com\/da\/wp-json\/wp\/v2\/product_brand?post=6732"},{"taxonomy":"product_cat","embeddable":true,"href":"https:\/\/exceptionaltoursegypt.com\/da\/wp-json\/wp\/v2\/product_cat?post=6732"},{"taxonomy":"product_tag","embeddable":true,"href":"https:\/\/exceptionaltoursegypt.com\/da\/wp-json\/wp\/v2\/product_tag?post=6732"}],"curies":[{"name":"wp","href":"https:\/\/api.w.org\/{rel}","templated":true}]}}