{"id":6736,"date":"2022-07-07T10:15:07","date_gmt":"2022-07-07T08:15:07","guid":{"rendered":"https:\/\/excpt.ddev.site\/tour\/cairo-one-day-from-hurghada\/"},"modified":"2024-06-23T01:42:06","modified_gmt":"2024-06-22T22:42:06","slug":"cairo-one-day-from-hurghada","status":"publish","type":"product","link":"https:\/\/exceptionaltoursegypt.com\/da\/tour\/cairo-one-day-from-hurghada\/","title":{"rendered":"Cairo med fly: Dagstur fra Hurghada med en dansktalende Egyptolog"},"content":{"rendered":"<p><strong>Et overblik<\/strong><br \/>\nVi tilbyder en fantastisk tur til dem, der gerne vil se det moderne egyptiske liv, de enorme pyramider og de mest betydningsfulde sev\u00e6rdigheder i hovedstaden Cairo. Ved at flyve i mindre end en time og bruge et komfortabelt k\u00f8ret\u00f8j kan du bedre slappe af, nyde, omfavne og absorbere en dag fuld af aktiviteter.<\/p>\n<p>&nbsp;<\/p>\n<p><strong>H\u00f8jdepunkter p\u00e5 turen<\/strong><\/p>\n<ul>\n<li>De store pyramider i Giza<\/li>\n<li>Det egyptiske museum i centrum af Cairo<\/li>\n<li>Den store Sfinks<\/li>\n<\/ul>\n","protected":false},"excerpt":{"rendered":"<p>Vores tur tager dig med til den fantastiske samling af genstande p\u00e5 det egyptiske museum, hvor kong Tuts guldmaske anses for at v\u00e6re den mest v\u00e6rdifulde genstand fra oldtiden. Bagefter udforsker vi de fantastiske pyramider i Giza med den store Sfinks<\/p>\n","protected":false},"featured_media":6398,"comment_status":"open","ping_status":"closed","template":"","meta":[],"product_brand":[],"product_cat":[76,89],"product_tag":[79],"class_list":{"0":"post-6736","1":"product","2":"type-product","3":"status-publish","4":"has-post-thumbnail","6":"product_cat-dagsture","7":"product_cat-uncategorized-da","8":"product_tag-offered-in-different-languages-da","10":"first","11":"instock","12":"sale","13":"featured","14":"taxable","15":"shipping-taxable","16":"purchasable","17":"product-type-ovabrw_car_rental"},"_links":{"self":[{"href":"https:\/\/exceptionaltoursegypt.com\/da\/wp-json\/wp\/v2\/product\/6736","targetHints":{"allow":["GET"]}}],"collection":[{"href":"https:\/\/exceptionaltoursegypt.com\/da\/wp-json\/wp\/v2\/product"}],"about":[{"href":"https:\/\/exceptionaltoursegypt.com\/da\/wp-json\/wp\/v2\/types\/product"}],"replies":[{"embeddable":true,"href":"https:\/\/exceptionaltoursegypt.com\/da\/wp-json\/wp\/v2\/comments?post=6736"}],"version-history":[{"count":0,"href":"https:\/\/exceptionaltoursegypt.com\/da\/wp-json\/wp\/v2\/product\/6736\/revisions"}],"wp:featuredmedia":[{"embeddable":true,"href":"https:\/\/exceptionaltoursegypt.com\/da\/wp-json\/wp\/v2\/media\/6398"}],"wp:attachment":[{"href":"https:\/\/exceptionaltoursegypt.com\/da\/wp-json\/wp\/v2\/media?parent=6736"}],"wp:term":[{"taxonomy":"product_brand","embeddable":true,"href":"https:\/\/exceptionaltoursegypt.com\/da\/wp-json\/wp\/v2\/product_brand?post=6736"},{"taxonomy":"product_cat","embeddable":true,"href":"https:\/\/exceptionaltoursegypt.com\/da\/wp-json\/wp\/v2\/product_cat?post=6736"},{"taxonomy":"product_tag","embeddable":true,"href":"https:\/\/exceptionaltoursegypt.com\/da\/wp-json\/wp\/v2\/product_tag?post=6736"}],"curies":[{"name":"wp","href":"https:\/\/api.w.org\/{rel}","templated":true}]}}