{"id":6737,"date":"0202-07-14T02:29:58","date_gmt":"0202-07-14T00:24:49","guid":{"rendered":"https:\/\/excpt.ddev.site\/tour\/luxury-egypt-8-days\/"},"modified":"2024-05-31T08:20:58","modified_gmt":"2024-05-31T05:20:58","slug":"luxury-egypt-8-days","status":"publish","type":"product","link":"https:\/\/exceptionaltoursegypt.com\/da\/tour\/luxury-egypt-8-days\/","title":{"rendered":"Pyramider og Nilkrydstogt &#8211; 8-dages tur med dansk Egyptolog"},"content":{"rendered":"<p><strong>Overblik <\/strong><\/p>\n<p>Oplev en uforglemmelig rejse i Egypten med eksklusive fordele som en personlig guide, komfortabel transport med aircondition og adgang til ber\u00f8mte sev\u00e6rdigheder. Denne enest\u00e5ende rejse omfatter bes\u00f8g p\u00e5 ikoniske steder som dronning Meres Ankh III&#8217;s grav, den majest\u00e6tiske<strong> Khufu-pyramide p\u00e5 Giza<\/strong>-plateauet, den g\u00e5defulde <strong>Sfinks<\/strong> og <strong>Sakkara<\/strong> samt <strong>det egyptiske museum<\/strong> i hjertet af Cairo. Dyk ogs\u00e5 ned i det f\u00e6ngslende islamiske og koptiske Cairo samt de pragtfulde destinationer <strong>Aswan<\/strong> og <strong>Luxor<\/strong>, alt sammen p\u00e5 en luksuri\u00f8s m\u00e5de.<\/p>\n<p><strong>Turens h\u00f8jdepunkter<\/strong><br \/>\nDen store pyramide og Giza-pyramiderne.<br \/>\nDronning Meres Ankh III grav.<br \/>\nDen store sfinx.<br \/>\nDaltemplet i Khafra Sakkaras trinpyramide kompleks.<br \/>\nPrinsesse Seshsesht Iduts grav.<br \/>\nDet egyptiske museum.<br \/>\nKong Tutankhamons gyldne maske.<br \/>\nSaladins citadel.<br \/>\nKoptisk Cairo.<br \/>\nAbu Serga-kirken, den h\u00e6ngende kirke.<br \/>\nLuxor-templet.<br \/>\nKarnak-templet.<br \/>\nPhilae-templet.<br \/>\nDen h\u00f8je d\u00e6mning.<br \/>\nKom Ombo-templet.<br \/>\nEdu-templet.<\/p>\n","protected":false},"excerpt":{"rendered":"<p>En fantastisk luksusrejse er designet til dem, der gerne vil have essensen af de mest vidunderlige steder i Egypten. Vi starter i Cairo, bes\u00f8ger de store pyramider og nyder et afslappende krydstogt med et fantastisk dalscenarie kombineret med udforskning af Kings Valley, Luxor med gamle templer, templer bygget i gr\u00e6sk og romersk tid.<\/p>\n","protected":false},"featured_media":6518,"comment_status":"open","ping_status":"closed","template":"","meta":[],"product_brand":[],"product_cat":[80,86],"product_tag":[],"class_list":{"0":"post-6737","1":"product","2":"type-product","3":"status-publish","4":"has-post-thumbnail","6":"product_cat-egypttourpackage-da","7":"product_cat-luksus-udflugtspakker","9":"first","10":"instock","11":"featured","12":"taxable","13":"shipping-taxable","14":"purchasable","15":"product-type-ovabrw_car_rental"},"_links":{"self":[{"href":"https:\/\/exceptionaltoursegypt.com\/da\/wp-json\/wp\/v2\/product\/6737","targetHints":{"allow":["GET"]}}],"collection":[{"href":"https:\/\/exceptionaltoursegypt.com\/da\/wp-json\/wp\/v2\/product"}],"about":[{"href":"https:\/\/exceptionaltoursegypt.com\/da\/wp-json\/wp\/v2\/types\/product"}],"replies":[{"embeddable":true,"href":"https:\/\/exceptionaltoursegypt.com\/da\/wp-json\/wp\/v2\/comments?post=6737"}],"version-history":[{"count":0,"href":"https:\/\/exceptionaltoursegypt.com\/da\/wp-json\/wp\/v2\/product\/6737\/revisions"}],"wp:featuredmedia":[{"embeddable":true,"href":"https:\/\/exceptionaltoursegypt.com\/da\/wp-json\/wp\/v2\/media\/6518"}],"wp:attachment":[{"href":"https:\/\/exceptionaltoursegypt.com\/da\/wp-json\/wp\/v2\/media?parent=6737"}],"wp:term":[{"taxonomy":"product_brand","embeddable":true,"href":"https:\/\/exceptionaltoursegypt.com\/da\/wp-json\/wp\/v2\/product_brand?post=6737"},{"taxonomy":"product_cat","embeddable":true,"href":"https:\/\/exceptionaltoursegypt.com\/da\/wp-json\/wp\/v2\/product_cat?post=6737"},{"taxonomy":"product_tag","embeddable":true,"href":"https:\/\/exceptionaltoursegypt.com\/da\/wp-json\/wp\/v2\/product_tag?post=6737"}],"curies":[{"name":"wp","href":"https:\/\/api.w.org\/{rel}","templated":true}]}}